{"id":1225,"date":"2021-02-01T13:55:39","date_gmt":"2021-02-01T13:55:39","guid":{"rendered":"https:\/\/adler-kultur.de\/?page_id=1225"},"modified":"2025-04-11T14:45:07","modified_gmt":"2025-04-11T14:45:07","slug":"crazy-monday-comedy","status":"publish","type":"page","link":"https:\/\/adler-kultur.de\/index.php\/crazy-monday-comedy\/","title":{"rendered":"Crazy Monday Comedy"},"content":{"rendered":"\n<div class=\"wp-block-columns has-text-align-center is-layout-flex wp-container-core-columns-is-layout-9d6595d7 wp-block-columns-is-layout-flex\">\n<div class=\"wp-block-column is-layout-flow wp-block-column-is-layout-flow\" style=\"--col-width:100%;flex-basis:100%\">\n<figure class=\"wp-block-image alignwide size-large\"><img loading=\"lazy\" decoding=\"async\" width=\"1024\" height=\"573\" src=\"https:\/\/adler-kultur.de\/wp-content\/uploads\/2025\/02\/PHOTO-2025-02-04-15-02-43-1024x573.jpg\" alt=\"\" class=\"wp-image-3157\" srcset=\"https:\/\/adler-kultur.de\/wp-content\/uploads\/2025\/02\/PHOTO-2025-02-04-15-02-43-1024x573.jpg 1024w, https:\/\/adler-kultur.de\/wp-content\/uploads\/2025\/02\/PHOTO-2025-02-04-15-02-43-300x168.jpg 300w, https:\/\/adler-kultur.de\/wp-content\/uploads\/2025\/02\/PHOTO-2025-02-04-15-02-43-768x430.jpg 768w, https:\/\/adler-kultur.de\/wp-content\/uploads\/2025\/02\/PHOTO-2025-02-04-15-02-43-1536x860.jpg 1536w, https:\/\/adler-kultur.de\/wp-content\/uploads\/2025\/02\/PHOTO-2025-02-04-15-02-43.jpg 1600w\" sizes=\"auto, (max-width: 1024px) 100vw, 1024px\" \/><\/figure>\n<\/div>\n<\/div>\n\n\n\n<h2 class=\"wp-block-heading\">Lachen am Niederrhein! Die besten deutschen Comedy Acts zu Gast im Adler!<\/h2>\n\n\n\n<p class=\"has-white-color has-text-color has-link-color wp-elements-2bc0a27529bb4380481ce4d354172e0f\"><strong>Crazy Monday Comedy \u2013 Die Mix-Show, die deinen Wochenstart ver\u00e4ndert!<\/strong><br><strong>Viermal im Jahr beste Comedy live erleben!<\/strong><\/p>\n\n\n\n<p class=\"has-white-color has-text-color has-link-color wp-elements-e5119a065b5e271e386825f64fea0800\">Du brauchst mehr Lacher in deinem Leben? Dann bist du bei <strong>Crazy Monday Comedy<\/strong> genau richtig! Viermal im Jahr laden wir drei hochkar\u00e4tige Comedians aus der deutschen Comedy- und Kabarettszene ein, um euch den Wochenstart zu vers\u00fc\u00dfen. Jedes Mal eine neue, handverlesene Mischung \u2013 immer \u00fcberraschend, immer urkomisch! <\/p>\n\n\n\n<p class=\"has-white-color has-text-color has-link-color wp-elements-2fe59686f430e31ff03cd9440d26f822\"><strong>Termine 2024:<\/strong><br>\ud83d\udcc5 17. M\u00e4rz<br>\ud83d\udcc5 <strong>16. Juni<\/strong><br>\ud83d\udcc5 08. September<br>\ud83d\udcc5 08. Dezember<\/p>\n\n\n\n<h2 class=\"wp-block-heading has-white-color has-text-color has-link-color wp-elements-6aa85c24646b8cf2b2656959a1e2872c\"><strong>Das Line-up am 16. Juni:<\/strong><\/h2>\n\n\n\n<p class=\"has-white-color has-text-color has-link-color wp-elements-c645e628e62f8fbab9d9726851472d16\"><\/p>\n\n\n\n<figure class=\"wp-block-embed is-type-video is-provider-youtube wp-block-embed-youtube\"><div class=\"wp-block-embed__wrapper\">\n<iframe loading=\"lazy\" title=\"Stand Up Comedian Christoph Br\u00fcske pr\u00e4sentiert: &quot;Deutsche Sprache Schwere Sprache&quot;\" width=\"920\" height=\"518\" src=\"https:\/\/www.youtube.com\/embed\/WlaAPnKvybA?feature=oembed\" frameborder=\"0\" allow=\"accelerometer; autoplay; clipboard-write; encrypted-media; gyroscope; picture-in-picture; web-share\" referrerpolicy=\"strict-origin-when-cross-origin\" allowfullscreen><\/iframe>\n<\/div><\/figure>\n\n\n\n<p class=\"has-white-color has-text-color has-link-color wp-elements-3d8266cb6048581b1eff28a642e1db4b\">\ud83c\udfa4 <strong>Christoph Br\u00fcske \u2013 der musikalische Polit-Kabarettist<\/strong><br>Christoph Br\u00fcske ist ein deutscher Kabarettist, Moderator und Autor, der f\u00fcr seine scharfsinnigen Analysen aktueller gesellschaftlicher Themen bekannt ist. Mit seiner Mischung aus Polit-Kabarett und musikalischen Einlagen begeistert er seit Jahren das Publikum<\/p>\n\n\n\n<p class=\"has-white-color has-text-color has-link-color wp-elements-c645e628e62f8fbab9d9726851472d16\"><\/p>\n\n\n\n<figure class=\"wp-block-embed is-type-video is-provider-youtube wp-block-embed-youtube\"><div class=\"wp-block-embed__wrapper\">\n<iframe loading=\"lazy\" title=\"Frauenparkplatz &amp; Veganes Grillen | HP - Handwerker Peters live\" width=\"920\" height=\"518\" src=\"https:\/\/www.youtube.com\/embed\/vnfx6q1qRe4?feature=oembed\" frameborder=\"0\" allow=\"accelerometer; autoplay; clipboard-write; encrypted-media; gyroscope; picture-in-picture; web-share\" referrerpolicy=\"strict-origin-when-cross-origin\" allowfullscreen><\/iframe>\n<\/div><\/figure>\n\n\n\n<p class=\"has-white-color has-text-color has-link-color wp-elements-f64c55363f109afe9307e096671e9d91\">\ud83c\udfa4 <strong>Handwerker Peters \u2013 der \u201cHau vom Bau\u201d<\/strong><br>Handwerker Peters, dargestellt von Kai Kramosta, bringt als \u201cHau vom Bau\u201d humorvolle Einblicke aus dem Alltag eines Handwerkers auf die B\u00fchne. Seine authentische Darstellung und der treffende Humor machen ihn zu einem Publikumsliebling.<\/p>\n\n\n\n<figure class=\"wp-block-embed is-type-video is-provider-youtube wp-block-embed-youtube\"><div class=\"wp-block-embed__wrapper\">\n<iframe loading=\"lazy\" title=\"\u00d6zg\u00fcr Cebe | Hamburger Comedy Pokal 2024 | Finale\" width=\"920\" height=\"518\" src=\"https:\/\/www.youtube.com\/embed\/z62S1y0kCJE?feature=oembed\" frameborder=\"0\" allow=\"accelerometer; autoplay; clipboard-write; encrypted-media; gyroscope; picture-in-picture; web-share\" referrerpolicy=\"strict-origin-when-cross-origin\" allowfullscreen><\/iframe>\n<\/div><\/figure>\n\n\n\n<p class=\"has-white-color has-text-color has-link-color wp-elements-80e841bc040f4d6217b6ee14f89abc05\">\ud83c\udfa4 <strong>\u00d6zg\u00fcr Cebe \u2013 der Stand-up-Philosoph mit Haltung<\/strong><br>\u00d6zg\u00fcr Cebe ist ein deutscher Schauspieler, Kabarettist und Stand-up-Comedian, der gesellschaftliche Themen mit scharfem Witz und Tiefgang beleuchtet. Seine Programme zeichnen sich durch intelligente Satire und pointierte Gesellschaftskritik aus.<\/p>\n\n\n\n<p><\/p>\n\n\n\n<div class=\"wp-block-buttons is-layout-flex wp-block-buttons-is-layout-flex\">\n<div class=\"wp-block-button\"><a class=\"wp-block-button__link wp-element-button\" href=\"https:\/\/www.eventim-light.com\/de\/a\/5a12ebf9da84720496b667e5\/e\/67e7bd6a0bf96c16ec22c4f0\">Tickets im Vorverkauf<\/a><\/div>\n<\/div>\n\n\n\n<p><\/p>\n\n\n\n<p class=\"has-white-color has-text-color has-link-color wp-elements-95c6056f09cd8f41186de07378e22822\"><strong>Oder f\u00fcr 25\u20ac bei EDEKA Daniels in Orsoy<\/strong><\/p>\n\n\n\n<p><\/p>\n\n\n\n<hr class=\"wp-block-separator has-alpha-channel-opacity\"\/>\n\n\n\n<h1 class=\"wp-block-heading has-pink-color has-text-color has-link-color wp-elements-98836c4a96b57af47a02ef23e7651168\">Neu: Das Crazy Monday Comedy Abo<\/h1>\n\n\n\n<p class=\"has-white-color has-text-color has-link-color wp-elements-be598436f107d76f1602f8f869b6cf82\">Sichern Sie sich jetzt Ihr Abo f\u00fcr alle drei, noch ausstehenden Crazy Monday Comedy Abende in diesem Jahr. Drei Abende, ein Preis, keine Vorverkaufsgeb\u00fchr! <\/p>\n\n\n\n<p class=\"has-white-color has-text-color has-link-color wp-elements-10e777d91d41ad22325dcf393cc109da\">F\u00fcllen Sie einfach das Formular aus, um sich Ihr Abo zu sichern. <\/p>\n\n\n\n<p class=\"has-white-color has-text-color has-link-color wp-elements-c7534151d6fe0058aa8eaba2cdb5730e\">\u00dcbrigens: Sollten Sie einmal nicht k\u00f6nnen, d\u00fcrfen Sie den Abend gerne an andere weitergeben. Aus technischen Gr\u00fcnden kann man im Moment nur ein Abo auf einmal abschlie\u00dfen. Wenn Sie mehr Abos m\u00f6chten, f\u00fcllen Sie das Formular einfach mehrmals aus \ud83d\ude00<\/p>\n\n\n<div class=\"wp-block-jetpack-contact-form wp-elements-c765ad5991f8c324292e35b376122486\"><a href=\"https:\/\/adler-kultur.de\/index.php\/crazy-monday-comedy\/\" target=\"_blank\" rel=\"noopener noreferrer\">Formular einreichen.<\/a><\/div>\n\n\n<p><\/p>\n","protected":false},"excerpt":{"rendered":"<p>Lachen am Niederrhein! Die besten deutschen Comedy Acts zu Gast im Adler! Crazy Monday Comedy \u2013 Die Mix-Show, die deinen Wochenstart ver\u00e4ndert!Viermal im Jahr beste Comedy live erleben! Du brauchst<\/p>\n<p class=\"more-link\"><a href=\"https:\/\/adler-kultur.de\/index.php\/crazy-monday-comedy\/\" class=\"readmore\">weiter lesen&#8230;<span class=\"screen-reader-text\">Crazy Monday Comedy<\/span><\/a><\/p>\n","protected":false},"author":1,"featured_media":0,"parent":0,"menu_order":0,"comment_status":"closed","ping_status":"closed","template":"","meta":{"footnotes":""},"class_list":["post-1225","page","type-page","status-publish","hentry"],"yoast_head":"<!-- This site is optimized with the Yoast SEO plugin v24.8.1 - https:\/\/yoast.com\/wordpress\/plugins\/seo\/ -->\n<title>Crazy Monday Comedy -<\/title>\n<meta name=\"robots\" content=\"index, follow, max-snippet:-1, max-image-preview:large, max-video-preview:-1\" \/>\n<link rel=\"canonical\" href=\"https:\/\/adler-kultur.de\/index.php\/crazy-monday-comedy\/\" \/>\n<meta property=\"og:locale\" content=\"de_DE\" \/>\n<meta property=\"og:type\" content=\"article\" \/>\n<meta property=\"og:title\" content=\"Crazy Monday Comedy -\" \/>\n<meta property=\"og:description\" content=\"Lachen am Niederrhein! Die besten deutschen Comedy Acts zu Gast im Adler! Crazy Monday Comedy \u2013 Die Mix-Show, die deinen Wochenstart ver\u00e4ndert!Viermal im Jahr beste Comedy live erleben! Du brauchstweiter lesen...Crazy Monday Comedy\" \/>\n<meta property=\"og:url\" content=\"https:\/\/adler-kultur.de\/index.php\/crazy-monday-comedy\/\" \/>\n<meta property=\"article:modified_time\" content=\"2025-04-11T14:45:07+00:00\" \/>\n<meta property=\"og:image\" content=\"https:\/\/adler-kultur.de\/wp-content\/uploads\/2025\/02\/PHOTO-2025-02-04-15-02-43.jpg\" \/>\n\t<meta property=\"og:image:width\" content=\"1600\" \/>\n\t<meta property=\"og:image:height\" content=\"896\" \/>\n\t<meta property=\"og:image:type\" content=\"image\/jpeg\" \/>\n<meta name=\"twitter:card\" content=\"summary_large_image\" \/>\n<meta name=\"twitter:label1\" content=\"Gesch\u00e4tzte Lesezeit\" \/>\n\t<meta name=\"twitter:data1\" content=\"2\u00a0Minuten\" \/>\n<script type=\"application\/ld+json\" class=\"yoast-schema-graph\">{\"@context\":\"https:\/\/schema.org\",\"@graph\":[{\"@type\":\"WebPage\",\"@id\":\"https:\/\/adler-kultur.de\/index.php\/crazy-monday-comedy\/\",\"url\":\"https:\/\/adler-kultur.de\/index.php\/crazy-monday-comedy\/\",\"name\":\"Crazy Monday Comedy -\",\"isPartOf\":{\"@id\":\"https:\/\/adler-kultur.de\/#website\"},\"primaryImageOfPage\":{\"@id\":\"https:\/\/adler-kultur.de\/index.php\/crazy-monday-comedy\/#primaryimage\"},\"image\":{\"@id\":\"https:\/\/adler-kultur.de\/index.php\/crazy-monday-comedy\/#primaryimage\"},\"thumbnailUrl\":\"https:\/\/adler-kultur.de\/wp-content\/uploads\/2025\/02\/PHOTO-2025-02-04-15-02-43-1024x573.jpg\",\"datePublished\":\"2021-02-01T13:55:39+00:00\",\"dateModified\":\"2025-04-11T14:45:07+00:00\",\"breadcrumb\":{\"@id\":\"https:\/\/adler-kultur.de\/index.php\/crazy-monday-comedy\/#breadcrumb\"},\"inLanguage\":\"de\",\"potentialAction\":[{\"@type\":\"ReadAction\",\"target\":[\"https:\/\/adler-kultur.de\/index.php\/crazy-monday-comedy\/\"]}]},{\"@type\":\"ImageObject\",\"inLanguage\":\"de\",\"@id\":\"https:\/\/adler-kultur.de\/index.php\/crazy-monday-comedy\/#primaryimage\",\"url\":\"https:\/\/adler-kultur.de\/wp-content\/uploads\/2025\/02\/PHOTO-2025-02-04-15-02-43.jpg\",\"contentUrl\":\"https:\/\/adler-kultur.de\/wp-content\/uploads\/2025\/02\/PHOTO-2025-02-04-15-02-43.jpg\",\"width\":1600,\"height\":896},{\"@type\":\"BreadcrumbList\",\"@id\":\"https:\/\/adler-kultur.de\/index.php\/crazy-monday-comedy\/#breadcrumb\",\"itemListElement\":[{\"@type\":\"ListItem\",\"position\":1,\"name\":\"Home\",\"item\":\"https:\/\/adler-kultur.de\/\"},{\"@type\":\"ListItem\",\"position\":2,\"name\":\"Crazy Monday Comedy\"}]},{\"@type\":\"WebSite\",\"@id\":\"https:\/\/adler-kultur.de\/#website\",\"url\":\"https:\/\/adler-kultur.de\/\",\"name\":\"\",\"description\":\"\",\"potentialAction\":[{\"@type\":\"SearchAction\",\"target\":{\"@type\":\"EntryPoint\",\"urlTemplate\":\"https:\/\/adler-kultur.de\/?s={search_term_string}\"},\"query-input\":{\"@type\":\"PropertyValueSpecification\",\"valueRequired\":true,\"valueName\":\"search_term_string\"}}],\"inLanguage\":\"de\"}]}<\/script>\n<!-- \/ Yoast SEO plugin. -->","yoast_head_json":{"title":"Crazy Monday Comedy -","robots":{"index":"index","follow":"follow","max-snippet":"max-snippet:-1","max-image-preview":"max-image-preview:large","max-video-preview":"max-video-preview:-1"},"canonical":"https:\/\/adler-kultur.de\/index.php\/crazy-monday-comedy\/","og_locale":"de_DE","og_type":"article","og_title":"Crazy Monday Comedy -","og_description":"Lachen am Niederrhein! Die besten deutschen Comedy Acts zu Gast im Adler! Crazy Monday Comedy \u2013 Die Mix-Show, die deinen Wochenstart ver\u00e4ndert!Viermal im Jahr beste Comedy live erleben! Du brauchstweiter lesen...Crazy Monday Comedy","og_url":"https:\/\/adler-kultur.de\/index.php\/crazy-monday-comedy\/","article_modified_time":"2025-04-11T14:45:07+00:00","og_image":[{"width":1600,"height":896,"url":"https:\/\/adler-kultur.de\/wp-content\/uploads\/2025\/02\/PHOTO-2025-02-04-15-02-43.jpg","type":"image\/jpeg"}],"twitter_card":"summary_large_image","twitter_misc":{"Gesch\u00e4tzte Lesezeit":"2\u00a0Minuten"},"schema":{"@context":"https:\/\/schema.org","@graph":[{"@type":"WebPage","@id":"https:\/\/adler-kultur.de\/index.php\/crazy-monday-comedy\/","url":"https:\/\/adler-kultur.de\/index.php\/crazy-monday-comedy\/","name":"Crazy Monday Comedy -","isPartOf":{"@id":"https:\/\/adler-kultur.de\/#website"},"primaryImageOfPage":{"@id":"https:\/\/adler-kultur.de\/index.php\/crazy-monday-comedy\/#primaryimage"},"image":{"@id":"https:\/\/adler-kultur.de\/index.php\/crazy-monday-comedy\/#primaryimage"},"thumbnailUrl":"https:\/\/adler-kultur.de\/wp-content\/uploads\/2025\/02\/PHOTO-2025-02-04-15-02-43-1024x573.jpg","datePublished":"2021-02-01T13:55:39+00:00","dateModified":"2025-04-11T14:45:07+00:00","breadcrumb":{"@id":"https:\/\/adler-kultur.de\/index.php\/crazy-monday-comedy\/#breadcrumb"},"inLanguage":"de","potentialAction":[{"@type":"ReadAction","target":["https:\/\/adler-kultur.de\/index.php\/crazy-monday-comedy\/"]}]},{"@type":"ImageObject","inLanguage":"de","@id":"https:\/\/adler-kultur.de\/index.php\/crazy-monday-comedy\/#primaryimage","url":"https:\/\/adler-kultur.de\/wp-content\/uploads\/2025\/02\/PHOTO-2025-02-04-15-02-43.jpg","contentUrl":"https:\/\/adler-kultur.de\/wp-content\/uploads\/2025\/02\/PHOTO-2025-02-04-15-02-43.jpg","width":1600,"height":896},{"@type":"BreadcrumbList","@id":"https:\/\/adler-kultur.de\/index.php\/crazy-monday-comedy\/#breadcrumb","itemListElement":[{"@type":"ListItem","position":1,"name":"Home","item":"https:\/\/adler-kultur.de\/"},{"@type":"ListItem","position":2,"name":"Crazy Monday Comedy"}]},{"@type":"WebSite","@id":"https:\/\/adler-kultur.de\/#website","url":"https:\/\/adler-kultur.de\/","name":"","description":"","potentialAction":[{"@type":"SearchAction","target":{"@type":"EntryPoint","urlTemplate":"https:\/\/adler-kultur.de\/?s={search_term_string}"},"query-input":{"@type":"PropertyValueSpecification","valueRequired":true,"valueName":"search_term_string"}}],"inLanguage":"de"}]}},"jetpack_sharing_enabled":true,"_links":{"self":[{"href":"https:\/\/adler-kultur.de\/index.php\/wp-json\/wp\/v2\/pages\/1225","targetHints":{"allow":["GET"]}}],"collection":[{"href":"https:\/\/adler-kultur.de\/index.php\/wp-json\/wp\/v2\/pages"}],"about":[{"href":"https:\/\/adler-kultur.de\/index.php\/wp-json\/wp\/v2\/types\/page"}],"author":[{"embeddable":true,"href":"https:\/\/adler-kultur.de\/index.php\/wp-json\/wp\/v2\/users\/1"}],"replies":[{"embeddable":true,"href":"https:\/\/adler-kultur.de\/index.php\/wp-json\/wp\/v2\/comments?post=1225"}],"version-history":[{"count":24,"href":"https:\/\/adler-kultur.de\/index.php\/wp-json\/wp\/v2\/pages\/1225\/revisions"}],"predecessor-version":[{"id":3187,"href":"https:\/\/adler-kultur.de\/index.php\/wp-json\/wp\/v2\/pages\/1225\/revisions\/3187"}],"wp:attachment":[{"href":"https:\/\/adler-kultur.de\/index.php\/wp-json\/wp\/v2\/media?parent=1225"}],"curies":[{"name":"wp","href":"https:\/\/api.w.org\/{rel}","templated":true}]}}