{"id":1209,"date":"2021-01-31T17:01:15","date_gmt":"2021-01-31T17:01:15","guid":{"rendered":"https:\/\/adler-kultur.de\/?page_id=1209"},"modified":"2024-12-10T15:21:14","modified_gmt":"2024-12-10T15:21:14","slug":"der-adler-rockt","status":"publish","type":"page","link":"https:\/\/adler-kultur.de\/index.php\/der-adler-rockt\/","title":{"rendered":"Blues-Rock"},"content":{"rendered":"<div class=\"wp-block-image is-resized\">\n<figure class=\"aligncenter size-large\"><img loading=\"lazy\" decoding=\"async\" width=\"591\" height=\"591\" src=\"https:\/\/adler-kultur.de\/wp-content\/uploads\/2021\/03\/Element-2.png\" alt=\"\" class=\"wp-image-1270\" style=\"width:429px;height:auto\" srcset=\"https:\/\/adler-kultur.de\/wp-content\/uploads\/2021\/03\/Element-2.png 591w, https:\/\/adler-kultur.de\/wp-content\/uploads\/2021\/03\/Element-2-300x300.png 300w, https:\/\/adler-kultur.de\/wp-content\/uploads\/2021\/03\/Element-2-150x150.png 150w, https:\/\/adler-kultur.de\/wp-content\/uploads\/2021\/03\/Element-2-180x180.png 180w\" sizes=\"auto, (max-width: 591px) 100vw, 591px\" \/><\/figure>\n<\/div>\n\n\n<p><\/p>\n\n\n\n<blockquote class=\"wp-block-quote is-layout-flow wp-block-quote-is-layout-flow\">\n<p>Blues &amp; Rock geh\u00f6ren seit \u00fcber drei Jahrzehnten genauso zum Adler, wie das Bier an der Theke. Weit \u00fcber die Region hinaus ist der Adler eine der besten und bekanntesten Adressen f\u00fcr gute, handgemachte Musik!<\/p>\n<\/blockquote>\n\n\n\n<p>Der Schwarze Adler hat einen legend\u00e4ren Ruf, was unvergessliche Blues-Rock-Abende angeht. Ein Blick in den Backstage-Raum verr\u00e4t mehr als tausend Worte: Jede Menge Poster mit beeindruckenden K\u00fcnstlern, die hier ihre Karriere starteten oder in ihrer ganzen Schaffenszeit immer wieder auf unserer B\u00fchne standen. Joe Bonamassa, Band of Friends, Ryan McGarvey, Julian Sas oder Ana Popovic \u2013&nbsp;alle machten hier halt, kamen und kommen gerne wieder. Das macht uns sehr gl\u00fccklich und so soll es bleiben. <\/p>\n\n\n\n<p><a href=\"https:\/\/www.eventim-light.com\/de\/a\/5a12ebf9da84720496b667e5\/\">Alle Termine im Eventim Ticket-Shop<\/a>!<\/p>\n","protected":false},"excerpt":{"rendered":"<p>Blues &amp; Rock geh\u00f6ren seit \u00fcber drei Jahrzehnten genauso zum Adler, wie das Bier an der Theke. Weit \u00fcber die Region hinaus ist der Adler eine der besten und bekanntesten<\/p>\n<p class=\"more-link\"><a href=\"https:\/\/adler-kultur.de\/index.php\/der-adler-rockt\/\" class=\"readmore\">weiter lesen&#8230;<span class=\"screen-reader-text\">Blues-Rock<\/span><\/a><\/p>\n","protected":false},"author":1,"featured_media":0,"parent":0,"menu_order":0,"comment_status":"closed","ping_status":"closed","template":"","meta":{"footnotes":""},"class_list":["post-1209","page","type-page","status-publish","hentry"],"yoast_head":"<!-- This site is optimized with the Yoast SEO plugin v24.8.1 - https:\/\/yoast.com\/wordpress\/plugins\/seo\/ -->\n<title>Blues-Rock -<\/title>\n<meta name=\"robots\" content=\"index, follow, max-snippet:-1, max-image-preview:large, max-video-preview:-1\" \/>\n<link rel=\"canonical\" href=\"https:\/\/adler-kultur.de\/index.php\/der-adler-rockt\/\" \/>\n<meta property=\"og:locale\" content=\"de_DE\" \/>\n<meta property=\"og:type\" content=\"article\" \/>\n<meta property=\"og:title\" content=\"Blues-Rock -\" \/>\n<meta property=\"og:description\" content=\"Blues &amp; Rock geh\u00f6ren seit \u00fcber drei Jahrzehnten genauso zum Adler, wie das Bier an der Theke. Weit \u00fcber die Region hinaus ist der Adler eine der besten und bekanntestenweiter lesen...Blues-Rock\" \/>\n<meta property=\"og:url\" content=\"https:\/\/adler-kultur.de\/index.php\/der-adler-rockt\/\" \/>\n<meta property=\"article:modified_time\" content=\"2024-12-10T15:21:14+00:00\" \/>\n<meta property=\"og:image\" content=\"https:\/\/adler-kultur.de\/wp-content\/uploads\/2021\/03\/Element-2.png\" \/>\n\t<meta property=\"og:image:width\" content=\"591\" \/>\n\t<meta property=\"og:image:height\" content=\"591\" \/>\n\t<meta property=\"og:image:type\" content=\"image\/png\" \/>\n<meta name=\"twitter:card\" content=\"summary_large_image\" \/>\n<meta name=\"twitter:label1\" content=\"Gesch\u00e4tzte Lesezeit\" \/>\n\t<meta name=\"twitter:data1\" content=\"1\u00a0Minute\" \/>\n<script type=\"application\/ld+json\" class=\"yoast-schema-graph\">{\"@context\":\"https:\/\/schema.org\",\"@graph\":[{\"@type\":\"WebPage\",\"@id\":\"https:\/\/adler-kultur.de\/index.php\/der-adler-rockt\/\",\"url\":\"https:\/\/adler-kultur.de\/index.php\/der-adler-rockt\/\",\"name\":\"Blues-Rock -\",\"isPartOf\":{\"@id\":\"https:\/\/adler-kultur.de\/#website\"},\"primaryImageOfPage\":{\"@id\":\"https:\/\/adler-kultur.de\/index.php\/der-adler-rockt\/#primaryimage\"},\"image\":{\"@id\":\"https:\/\/adler-kultur.de\/index.php\/der-adler-rockt\/#primaryimage\"},\"thumbnailUrl\":\"https:\/\/adler-kultur.de\/wp-content\/uploads\/2021\/03\/Element-2.png\",\"datePublished\":\"2021-01-31T17:01:15+00:00\",\"dateModified\":\"2024-12-10T15:21:14+00:00\",\"breadcrumb\":{\"@id\":\"https:\/\/adler-kultur.de\/index.php\/der-adler-rockt\/#breadcrumb\"},\"inLanguage\":\"de\",\"potentialAction\":[{\"@type\":\"ReadAction\",\"target\":[\"https:\/\/adler-kultur.de\/index.php\/der-adler-rockt\/\"]}]},{\"@type\":\"ImageObject\",\"inLanguage\":\"de\",\"@id\":\"https:\/\/adler-kultur.de\/index.php\/der-adler-rockt\/#primaryimage\",\"url\":\"https:\/\/adler-kultur.de\/wp-content\/uploads\/2021\/03\/Element-2.png\",\"contentUrl\":\"https:\/\/adler-kultur.de\/wp-content\/uploads\/2021\/03\/Element-2.png\",\"width\":591,\"height\":591},{\"@type\":\"BreadcrumbList\",\"@id\":\"https:\/\/adler-kultur.de\/index.php\/der-adler-rockt\/#breadcrumb\",\"itemListElement\":[{\"@type\":\"ListItem\",\"position\":1,\"name\":\"Home\",\"item\":\"https:\/\/adler-kultur.de\/\"},{\"@type\":\"ListItem\",\"position\":2,\"name\":\"Blues-Rock\"}]},{\"@type\":\"WebSite\",\"@id\":\"https:\/\/adler-kultur.de\/#website\",\"url\":\"https:\/\/adler-kultur.de\/\",\"name\":\"\",\"description\":\"\",\"potentialAction\":[{\"@type\":\"SearchAction\",\"target\":{\"@type\":\"EntryPoint\",\"urlTemplate\":\"https:\/\/adler-kultur.de\/?s={search_term_string}\"},\"query-input\":{\"@type\":\"PropertyValueSpecification\",\"valueRequired\":true,\"valueName\":\"search_term_string\"}}],\"inLanguage\":\"de\"}]}<\/script>\n<!-- \/ Yoast SEO plugin. -->","yoast_head_json":{"title":"Blues-Rock -","robots":{"index":"index","follow":"follow","max-snippet":"max-snippet:-1","max-image-preview":"max-image-preview:large","max-video-preview":"max-video-preview:-1"},"canonical":"https:\/\/adler-kultur.de\/index.php\/der-adler-rockt\/","og_locale":"de_DE","og_type":"article","og_title":"Blues-Rock -","og_description":"Blues &amp; Rock geh\u00f6ren seit \u00fcber drei Jahrzehnten genauso zum Adler, wie das Bier an der Theke. Weit \u00fcber die Region hinaus ist der Adler eine der besten und bekanntestenweiter lesen...Blues-Rock","og_url":"https:\/\/adler-kultur.de\/index.php\/der-adler-rockt\/","article_modified_time":"2024-12-10T15:21:14+00:00","og_image":[{"width":591,"height":591,"url":"https:\/\/adler-kultur.de\/wp-content\/uploads\/2021\/03\/Element-2.png","type":"image\/png"}],"twitter_card":"summary_large_image","twitter_misc":{"Gesch\u00e4tzte Lesezeit":"1\u00a0Minute"},"schema":{"@context":"https:\/\/schema.org","@graph":[{"@type":"WebPage","@id":"https:\/\/adler-kultur.de\/index.php\/der-adler-rockt\/","url":"https:\/\/adler-kultur.de\/index.php\/der-adler-rockt\/","name":"Blues-Rock -","isPartOf":{"@id":"https:\/\/adler-kultur.de\/#website"},"primaryImageOfPage":{"@id":"https:\/\/adler-kultur.de\/index.php\/der-adler-rockt\/#primaryimage"},"image":{"@id":"https:\/\/adler-kultur.de\/index.php\/der-adler-rockt\/#primaryimage"},"thumbnailUrl":"https:\/\/adler-kultur.de\/wp-content\/uploads\/2021\/03\/Element-2.png","datePublished":"2021-01-31T17:01:15+00:00","dateModified":"2024-12-10T15:21:14+00:00","breadcrumb":{"@id":"https:\/\/adler-kultur.de\/index.php\/der-adler-rockt\/#breadcrumb"},"inLanguage":"de","potentialAction":[{"@type":"ReadAction","target":["https:\/\/adler-kultur.de\/index.php\/der-adler-rockt\/"]}]},{"@type":"ImageObject","inLanguage":"de","@id":"https:\/\/adler-kultur.de\/index.php\/der-adler-rockt\/#primaryimage","url":"https:\/\/adler-kultur.de\/wp-content\/uploads\/2021\/03\/Element-2.png","contentUrl":"https:\/\/adler-kultur.de\/wp-content\/uploads\/2021\/03\/Element-2.png","width":591,"height":591},{"@type":"BreadcrumbList","@id":"https:\/\/adler-kultur.de\/index.php\/der-adler-rockt\/#breadcrumb","itemListElement":[{"@type":"ListItem","position":1,"name":"Home","item":"https:\/\/adler-kultur.de\/"},{"@type":"ListItem","position":2,"name":"Blues-Rock"}]},{"@type":"WebSite","@id":"https:\/\/adler-kultur.de\/#website","url":"https:\/\/adler-kultur.de\/","name":"","description":"","potentialAction":[{"@type":"SearchAction","target":{"@type":"EntryPoint","urlTemplate":"https:\/\/adler-kultur.de\/?s={search_term_string}"},"query-input":{"@type":"PropertyValueSpecification","valueRequired":true,"valueName":"search_term_string"}}],"inLanguage":"de"}]}},"jetpack_sharing_enabled":true,"_links":{"self":[{"href":"https:\/\/adler-kultur.de\/index.php\/wp-json\/wp\/v2\/pages\/1209","targetHints":{"allow":["GET"]}}],"collection":[{"href":"https:\/\/adler-kultur.de\/index.php\/wp-json\/wp\/v2\/pages"}],"about":[{"href":"https:\/\/adler-kultur.de\/index.php\/wp-json\/wp\/v2\/types\/page"}],"author":[{"embeddable":true,"href":"https:\/\/adler-kultur.de\/index.php\/wp-json\/wp\/v2\/users\/1"}],"replies":[{"embeddable":true,"href":"https:\/\/adler-kultur.de\/index.php\/wp-json\/wp\/v2\/comments?post=1209"}],"version-history":[{"count":14,"href":"https:\/\/adler-kultur.de\/index.php\/wp-json\/wp\/v2\/pages\/1209\/revisions"}],"predecessor-version":[{"id":3096,"href":"https:\/\/adler-kultur.de\/index.php\/wp-json\/wp\/v2\/pages\/1209\/revisions\/3096"}],"wp:attachment":[{"href":"https:\/\/adler-kultur.de\/index.php\/wp-json\/wp\/v2\/media?parent=1209"}],"curies":[{"name":"wp","href":"https:\/\/api.w.org\/{rel}","templated":true}]}}