{"id":1096,"date":"2021-01-27T16:42:07","date_gmt":"2021-01-27T16:42:07","guid":{"rendered":"https:\/\/adler-kultur.de\/?page_id=1096"},"modified":"2021-04-08T14:25:54","modified_gmt":"2021-04-08T14:25:54","slug":"kulturinitiative-schwarzer-adler-e-v","status":"publish","type":"page","link":"https:\/\/adler-kultur.de\/index.php\/kulturinitiative-schwarzer-adler-e-v\/","title":{"rendered":"\u00dcber uns"},"content":{"rendered":"\n<div class=\"wp-block-image\"><figure class=\"aligncenter size-large is-resized\"><img loading=\"lazy\" decoding=\"async\" src=\"https:\/\/adler-kultur.de\/wp-content\/uploads\/2021\/03\/Element-4-3-1024x1024.png\" alt=\"\" class=\"wp-image-1308\" width=\"400\" height=\"400\" srcset=\"https:\/\/adler-kultur.de\/wp-content\/uploads\/2021\/03\/Element-4-3-1024x1024.png 1024w, https:\/\/adler-kultur.de\/wp-content\/uploads\/2021\/03\/Element-4-3-300x300.png 300w, https:\/\/adler-kultur.de\/wp-content\/uploads\/2021\/03\/Element-4-3-150x150.png 150w, https:\/\/adler-kultur.de\/wp-content\/uploads\/2021\/03\/Element-4-3-768x768.png 768w, https:\/\/adler-kultur.de\/wp-content\/uploads\/2021\/03\/Element-4-3-640x640.png 640w, https:\/\/adler-kultur.de\/wp-content\/uploads\/2021\/03\/Element-4-3-180x180.png 180w, https:\/\/adler-kultur.de\/wp-content\/uploads\/2021\/03\/Element-4-3.png 1183w\" sizes=\"auto, (max-width: 400px) 100vw, 400px\" \/><\/figure><\/div>\n\n\n\n<p><\/p>\n\n\n\n<blockquote class=\"wp-block-quote is-layout-flow wp-block-quote-is-layout-flow\"><p>\u00dcber 30 Jahre Vereinsgeschichte. <br>\u00dcber 3.000 Veranstaltungen. <br>\u00dcber 300.000 Besucher.<\/p><cite>Unendlich viele sch\u00f6ne Momente.<\/cite><\/blockquote>\n\n\n\n<p class=\"has-drop-cap\">Ob Mitch Ryder, Helge Schneider, J\u00fcrgen Becker oder Pohlmann \u2013&nbsp;seit den 90er zieht die Kulturinitiative Schwarzer-Adler e.V. regelm\u00e4\u00dfig Blues-Gr\u00f6\u00dfen, Comedy-Stars und viele gro\u00dfartige Musiker und K\u00fcnstler raus aufs Land. Eine Win-win-Situation: F\u00fcr die K\u00fcnstler gibt es Frischluft und Applaus. F\u00fcr uns unvergessliche Abende.<\/p>\n\n\n\n<figure class=\"wp-block-gallery columns-3 is-cropped wp-block-gallery-1 is-layout-flex wp-block-gallery-is-layout-flex\"><ul class=\"blocks-gallery-grid\"><li class=\"blocks-gallery-item\"><figure><a href=\"https:\/\/adler-kultur.de\/wp-content\/uploads\/2021\/01\/Ana-Popovic-1.jpg\"><img loading=\"lazy\" decoding=\"async\" width=\"1024\" height=\"682\" src=\"https:\/\/adler-kultur.de\/wp-content\/uploads\/2021\/01\/Ana-Popovic-1-1024x682.jpg\" alt=\"\" data-id=\"1161\" data-full-url=\"https:\/\/adler-kultur.de\/wp-content\/uploads\/2021\/01\/Ana-Popovic-1.jpg\" data-link=\"https:\/\/adler-kultur.de\/index.php\/kulturinitiative-schwarzer-adler-e-v\/ana-popovic-1\/\" class=\"wp-image-1161\" srcset=\"https:\/\/adler-kultur.de\/wp-content\/uploads\/2021\/01\/Ana-Popovic-1-1024x682.jpg 1024w, https:\/\/adler-kultur.de\/wp-content\/uploads\/2021\/01\/Ana-Popovic-1-300x200.jpg 300w, https:\/\/adler-kultur.de\/wp-content\/uploads\/2021\/01\/Ana-Popovic-1-768x512.jpg 768w, https:\/\/adler-kultur.de\/wp-content\/uploads\/2021\/01\/Ana-Popovic-1-391x260.jpg 391w, https:\/\/adler-kultur.de\/wp-content\/uploads\/2021\/01\/Ana-Popovic-1-1536x1023.jpg 1536w, https:\/\/adler-kultur.de\/wp-content\/uploads\/2021\/01\/Ana-Popovic-1.jpg 1900w\" sizes=\"auto, (max-width: 1024px) 100vw, 1024px\" \/><\/a><figcaption class=\"blocks-gallery-item__caption\">Ana Popovic<\/figcaption><\/figure><\/li><li class=\"blocks-gallery-item\"><figure><a href=\"https:\/\/adler-kultur.de\/wp-content\/uploads\/2021\/01\/Gerry-McAvoy-1.jpg\"><img loading=\"lazy\" decoding=\"async\" width=\"1024\" height=\"713\" src=\"https:\/\/adler-kultur.de\/wp-content\/uploads\/2021\/01\/Gerry-McAvoy-1-1024x713.jpg\" alt=\"\" data-id=\"1162\" data-full-url=\"https:\/\/adler-kultur.de\/wp-content\/uploads\/2021\/01\/Gerry-McAvoy-1.jpg\" data-link=\"https:\/\/adler-kultur.de\/index.php\/kulturinitiative-schwarzer-adler-e-v\/gerry-mcavoy-1\/\" class=\"wp-image-1162\" srcset=\"https:\/\/adler-kultur.de\/wp-content\/uploads\/2021\/01\/Gerry-McAvoy-1-1024x713.jpg 1024w, https:\/\/adler-kultur.de\/wp-content\/uploads\/2021\/01\/Gerry-McAvoy-1-300x209.jpg 300w, https:\/\/adler-kultur.de\/wp-content\/uploads\/2021\/01\/Gerry-McAvoy-1-768x535.jpg 768w, https:\/\/adler-kultur.de\/wp-content\/uploads\/2021\/01\/Gerry-McAvoy-1-1536x1070.jpg 1536w, https:\/\/adler-kultur.de\/wp-content\/uploads\/2021\/01\/Gerry-McAvoy-1.jpg 1900w\" sizes=\"auto, (max-width: 1024px) 100vw, 1024px\" \/><\/a><figcaption class=\"blocks-gallery-item__caption\">Gerry McAvoy<\/figcaption><\/figure><\/li><li class=\"blocks-gallery-item\"><figure><a href=\"https:\/\/adler-kultur.de\/wp-content\/uploads\/2021\/01\/Helge-1.jpg\"><img loading=\"lazy\" decoding=\"async\" width=\"1024\" height=\"683\" src=\"https:\/\/adler-kultur.de\/wp-content\/uploads\/2021\/01\/Helge-1-1024x683.jpg\" alt=\"\" data-id=\"1164\" data-full-url=\"https:\/\/adler-kultur.de\/wp-content\/uploads\/2021\/01\/Helge-1.jpg\" data-link=\"https:\/\/adler-kultur.de\/index.php\/kulturinitiative-schwarzer-adler-e-v\/helge-1\/\" class=\"wp-image-1164\" srcset=\"https:\/\/adler-kultur.de\/wp-content\/uploads\/2021\/01\/Helge-1-1024x683.jpg 1024w, https:\/\/adler-kultur.de\/wp-content\/uploads\/2021\/01\/Helge-1-300x200.jpg 300w, https:\/\/adler-kultur.de\/wp-content\/uploads\/2021\/01\/Helge-1-768x512.jpg 768w, https:\/\/adler-kultur.de\/wp-content\/uploads\/2021\/01\/Helge-1-391x260.jpg 391w, https:\/\/adler-kultur.de\/wp-content\/uploads\/2021\/01\/Helge-1-1536x1024.jpg 1536w, https:\/\/adler-kultur.de\/wp-content\/uploads\/2021\/01\/Helge-1.jpg 1900w\" sizes=\"auto, (max-width: 1024px) 100vw, 1024px\" \/><\/a><figcaption class=\"blocks-gallery-item__caption\">Helge Schneider<\/figcaption><\/figure><\/li><li class=\"blocks-gallery-item\"><figure><a href=\"https:\/\/adler-kultur.de\/wp-content\/uploads\/2021\/01\/Henrik-Freischlader-1.jpg\"><img loading=\"lazy\" decoding=\"async\" width=\"1024\" height=\"625\" src=\"https:\/\/adler-kultur.de\/wp-content\/uploads\/2021\/01\/Henrik-Freischlader-1-1024x625.jpg\" alt=\"\" data-id=\"1165\" data-full-url=\"https:\/\/adler-kultur.de\/wp-content\/uploads\/2021\/01\/Henrik-Freischlader-1.jpg\" data-link=\"https:\/\/adler-kultur.de\/index.php\/kulturinitiative-schwarzer-adler-e-v\/henrik-freischlader-1\/\" class=\"wp-image-1165\" srcset=\"https:\/\/adler-kultur.de\/wp-content\/uploads\/2021\/01\/Henrik-Freischlader-1-1024x625.jpg 1024w, https:\/\/adler-kultur.de\/wp-content\/uploads\/2021\/01\/Henrik-Freischlader-1-300x183.jpg 300w, https:\/\/adler-kultur.de\/wp-content\/uploads\/2021\/01\/Henrik-Freischlader-1-768x469.jpg 768w, https:\/\/adler-kultur.de\/wp-content\/uploads\/2021\/01\/Henrik-Freischlader-1-1536x938.jpg 1536w, https:\/\/adler-kultur.de\/wp-content\/uploads\/2021\/01\/Henrik-Freischlader-1.jpg 1900w\" sizes=\"auto, (max-width: 1024px) 100vw, 1024px\" \/><\/a><figcaption class=\"blocks-gallery-item__caption\">Henrik Freischlader<\/figcaption><\/figure><\/li><li class=\"blocks-gallery-item\"><figure><a href=\"https:\/\/adler-kultur.de\/wp-content\/uploads\/2021\/01\/Julian-Sas-Fotis-Anagnostou-1.jpg\"><img loading=\"lazy\" decoding=\"async\" width=\"1024\" height=\"683\" src=\"https:\/\/adler-kultur.de\/wp-content\/uploads\/2021\/01\/Julian-Sas-Fotis-Anagnostou-1-1024x683.jpg\" alt=\"\" data-id=\"1166\" data-full-url=\"https:\/\/adler-kultur.de\/wp-content\/uploads\/2021\/01\/Julian-Sas-Fotis-Anagnostou-1.jpg\" data-link=\"https:\/\/adler-kultur.de\/index.php\/kulturinitiative-schwarzer-adler-e-v\/julian-sas-fotis-anagnostou-1\/\" class=\"wp-image-1166\" srcset=\"https:\/\/adler-kultur.de\/wp-content\/uploads\/2021\/01\/Julian-Sas-Fotis-Anagnostou-1-1024x683.jpg 1024w, https:\/\/adler-kultur.de\/wp-content\/uploads\/2021\/01\/Julian-Sas-Fotis-Anagnostou-1-300x200.jpg 300w, https:\/\/adler-kultur.de\/wp-content\/uploads\/2021\/01\/Julian-Sas-Fotis-Anagnostou-1-768x512.jpg 768w, https:\/\/adler-kultur.de\/wp-content\/uploads\/2021\/01\/Julian-Sas-Fotis-Anagnostou-1-391x260.jpg 391w, https:\/\/adler-kultur.de\/wp-content\/uploads\/2021\/01\/Julian-Sas-Fotis-Anagnostou-1-1536x1024.jpg 1536w, https:\/\/adler-kultur.de\/wp-content\/uploads\/2021\/01\/Julian-Sas-Fotis-Anagnostou-1.jpg 1900w\" sizes=\"auto, (max-width: 1024px) 100vw, 1024px\" \/><\/a><figcaption class=\"blocks-gallery-item__caption\">Julian Sas<\/figcaption><\/figure><\/li><li class=\"blocks-gallery-item\"><figure><a href=\"https:\/\/adler-kultur.de\/wp-content\/uploads\/2021\/01\/Mitch-Ryder-1.jpg\"><img loading=\"lazy\" decoding=\"async\" width=\"988\" height=\"1024\" src=\"https:\/\/adler-kultur.de\/wp-content\/uploads\/2021\/01\/Mitch-Ryder-1-988x1024.jpg\" alt=\"\" data-id=\"1167\" data-full-url=\"https:\/\/adler-kultur.de\/wp-content\/uploads\/2021\/01\/Mitch-Ryder-1.jpg\" data-link=\"https:\/\/adler-kultur.de\/index.php\/kulturinitiative-schwarzer-adler-e-v\/mitch-ryder-1\/\" class=\"wp-image-1167\" srcset=\"https:\/\/adler-kultur.de\/wp-content\/uploads\/2021\/01\/Mitch-Ryder-1-988x1024.jpg 988w, https:\/\/adler-kultur.de\/wp-content\/uploads\/2021\/01\/Mitch-Ryder-1-289x300.jpg 289w, https:\/\/adler-kultur.de\/wp-content\/uploads\/2021\/01\/Mitch-Ryder-1-768x796.jpg 768w, https:\/\/adler-kultur.de\/wp-content\/uploads\/2021\/01\/Mitch-Ryder-1-1482x1536.jpg 1482w, https:\/\/adler-kultur.de\/wp-content\/uploads\/2021\/01\/Mitch-Ryder-1.jpg 1900w\" sizes=\"auto, (max-width: 988px) 100vw, 988px\" \/><\/a><figcaption class=\"blocks-gallery-item__caption\">Mitch Ryder<\/figcaption><\/figure><\/li><li class=\"blocks-gallery-item\"><figure><a href=\"https:\/\/adler-kultur.de\/wp-content\/uploads\/2021\/01\/Peter-Bursch-1.jpg\"><img loading=\"lazy\" decoding=\"async\" width=\"1024\" height=\"683\" src=\"https:\/\/adler-kultur.de\/wp-content\/uploads\/2021\/01\/Peter-Bursch-1-1024x683.jpg\" alt=\"\" data-id=\"1168\" data-full-url=\"https:\/\/adler-kultur.de\/wp-content\/uploads\/2021\/01\/Peter-Bursch-1.jpg\" data-link=\"https:\/\/adler-kultur.de\/index.php\/kulturinitiative-schwarzer-adler-e-v\/peter-bursch-1\/\" class=\"wp-image-1168\" srcset=\"https:\/\/adler-kultur.de\/wp-content\/uploads\/2021\/01\/Peter-Bursch-1-1024x683.jpg 1024w, https:\/\/adler-kultur.de\/wp-content\/uploads\/2021\/01\/Peter-Bursch-1-300x200.jpg 300w, https:\/\/adler-kultur.de\/wp-content\/uploads\/2021\/01\/Peter-Bursch-1-768x512.jpg 768w, https:\/\/adler-kultur.de\/wp-content\/uploads\/2021\/01\/Peter-Bursch-1-391x260.jpg 391w, https:\/\/adler-kultur.de\/wp-content\/uploads\/2021\/01\/Peter-Bursch-1-1536x1024.jpg 1536w, https:\/\/adler-kultur.de\/wp-content\/uploads\/2021\/01\/Peter-Bursch-1.jpg 1900w\" sizes=\"auto, (max-width: 1024px) 100vw, 1024px\" \/><\/a><figcaption class=\"blocks-gallery-item__caption\">Peter Bursch<\/figcaption><\/figure><\/li><li class=\"blocks-gallery-item\"><figure><a href=\"https:\/\/adler-kultur.de\/wp-content\/uploads\/2021\/01\/Pohlmann-1.jpg\"><img loading=\"lazy\" decoding=\"async\" width=\"1024\" height=\"683\" src=\"https:\/\/adler-kultur.de\/wp-content\/uploads\/2021\/01\/Pohlmann-1-1024x683.jpg\" alt=\"\" data-id=\"1169\" data-full-url=\"https:\/\/adler-kultur.de\/wp-content\/uploads\/2021\/01\/Pohlmann-1.jpg\" data-link=\"https:\/\/adler-kultur.de\/index.php\/kulturinitiative-schwarzer-adler-e-v\/pohlmann-1\/\" class=\"wp-image-1169\" srcset=\"https:\/\/adler-kultur.de\/wp-content\/uploads\/2021\/01\/Pohlmann-1-1024x683.jpg 1024w, https:\/\/adler-kultur.de\/wp-content\/uploads\/2021\/01\/Pohlmann-1-300x200.jpg 300w, https:\/\/adler-kultur.de\/wp-content\/uploads\/2021\/01\/Pohlmann-1-768x512.jpg 768w, https:\/\/adler-kultur.de\/wp-content\/uploads\/2021\/01\/Pohlmann-1-391x260.jpg 391w, https:\/\/adler-kultur.de\/wp-content\/uploads\/2021\/01\/Pohlmann-1-1536x1024.jpg 1536w, https:\/\/adler-kultur.de\/wp-content\/uploads\/2021\/01\/Pohlmann-1.jpg 1900w\" sizes=\"auto, (max-width: 1024px) 100vw, 1024px\" \/><\/a><figcaption class=\"blocks-gallery-item__caption\">Pohlmann<\/figcaption><\/figure><\/li><li class=\"blocks-gallery-item\"><figure><a href=\"https:\/\/adler-kultur.de\/wp-content\/uploads\/2021\/01\/Rozedale-1.jpg\"><img loading=\"lazy\" decoding=\"async\" width=\"1024\" height=\"683\" src=\"https:\/\/adler-kultur.de\/wp-content\/uploads\/2021\/01\/Rozedale-1-1024x683.jpg\" alt=\"\" data-id=\"1170\" data-full-url=\"https:\/\/adler-kultur.de\/wp-content\/uploads\/2021\/01\/Rozedale-1.jpg\" data-link=\"https:\/\/adler-kultur.de\/index.php\/kulturinitiative-schwarzer-adler-e-v\/rozedale-1\/\" class=\"wp-image-1170\" srcset=\"https:\/\/adler-kultur.de\/wp-content\/uploads\/2021\/01\/Rozedale-1-1024x683.jpg 1024w, https:\/\/adler-kultur.de\/wp-content\/uploads\/2021\/01\/Rozedale-1-300x200.jpg 300w, https:\/\/adler-kultur.de\/wp-content\/uploads\/2021\/01\/Rozedale-1-768x512.jpg 768w, https:\/\/adler-kultur.de\/wp-content\/uploads\/2021\/01\/Rozedale-1-391x260.jpg 391w, https:\/\/adler-kultur.de\/wp-content\/uploads\/2021\/01\/Rozedale-1-1536x1024.jpg 1536w, https:\/\/adler-kultur.de\/wp-content\/uploads\/2021\/01\/Rozedale-1.jpg 1900w\" sizes=\"auto, (max-width: 1024px) 100vw, 1024px\" \/><\/a><figcaption class=\"blocks-gallery-item__caption\">Rozedale<\/figcaption><\/figure><\/li><li class=\"blocks-gallery-item\"><figure><a href=\"https:\/\/adler-kultur.de\/wp-content\/uploads\/2021\/01\/Ryan-McGarvey-Carmine-Rojas-1.jpg\"><img loading=\"lazy\" decoding=\"async\" width=\"1024\" height=\"852\" src=\"https:\/\/adler-kultur.de\/wp-content\/uploads\/2021\/01\/Ryan-McGarvey-Carmine-Rojas-1-1024x852.jpg\" alt=\"\" data-id=\"1171\" data-full-url=\"https:\/\/adler-kultur.de\/wp-content\/uploads\/2021\/01\/Ryan-McGarvey-Carmine-Rojas-1.jpg\" data-link=\"https:\/\/adler-kultur.de\/index.php\/kulturinitiative-schwarzer-adler-e-v\/ryan-mcgarvey-carmine-rojas-1\/\" class=\"wp-image-1171\" srcset=\"https:\/\/adler-kultur.de\/wp-content\/uploads\/2021\/01\/Ryan-McGarvey-Carmine-Rojas-1-1024x852.jpg 1024w, https:\/\/adler-kultur.de\/wp-content\/uploads\/2021\/01\/Ryan-McGarvey-Carmine-Rojas-1-300x250.jpg 300w, https:\/\/adler-kultur.de\/wp-content\/uploads\/2021\/01\/Ryan-McGarvey-Carmine-Rojas-1-768x639.jpg 768w, https:\/\/adler-kultur.de\/wp-content\/uploads\/2021\/01\/Ryan-McGarvey-Carmine-Rojas-1-1536x1278.jpg 1536w, https:\/\/adler-kultur.de\/wp-content\/uploads\/2021\/01\/Ryan-McGarvey-Carmine-Rojas-1.jpg 1900w\" sizes=\"auto, (max-width: 1024px) 100vw, 1024px\" \/><\/a><figcaption class=\"blocks-gallery-item__caption\">Rayn McGarvey<\/figcaption><\/figure><\/li><li class=\"blocks-gallery-item\"><figure><a href=\"https:\/\/adler-kultur.de\/wp-content\/uploads\/2021\/01\/Stoppok-1.jpg\"><img loading=\"lazy\" decoding=\"async\" width=\"1024\" height=\"682\" src=\"https:\/\/adler-kultur.de\/wp-content\/uploads\/2021\/01\/Stoppok-1-1024x682.jpg\" alt=\"\" data-id=\"1172\" data-full-url=\"https:\/\/adler-kultur.de\/wp-content\/uploads\/2021\/01\/Stoppok-1.jpg\" data-link=\"https:\/\/adler-kultur.de\/index.php\/kulturinitiative-schwarzer-adler-e-v\/stoppok-1\/\" class=\"wp-image-1172\" srcset=\"https:\/\/adler-kultur.de\/wp-content\/uploads\/2021\/01\/Stoppok-1-1024x682.jpg 1024w, https:\/\/adler-kultur.de\/wp-content\/uploads\/2021\/01\/Stoppok-1-300x200.jpg 300w, https:\/\/adler-kultur.de\/wp-content\/uploads\/2021\/01\/Stoppok-1-768x512.jpg 768w, https:\/\/adler-kultur.de\/wp-content\/uploads\/2021\/01\/Stoppok-1-391x260.jpg 391w, https:\/\/adler-kultur.de\/wp-content\/uploads\/2021\/01\/Stoppok-1-1536x1023.jpg 1536w, https:\/\/adler-kultur.de\/wp-content\/uploads\/2021\/01\/Stoppok-1.jpg 1900w\" sizes=\"auto, (max-width: 1024px) 100vw, 1024px\" \/><\/a><figcaption class=\"blocks-gallery-item__caption\">Stoppok<\/figcaption><\/figure><\/li><li class=\"blocks-gallery-item\"><figure><a href=\"https:\/\/adler-kultur.de\/wp-content\/uploads\/2021\/01\/Ted-McKenna-1.jpg\"><img loading=\"lazy\" decoding=\"async\" width=\"1024\" height=\"682\" src=\"https:\/\/adler-kultur.de\/wp-content\/uploads\/2021\/01\/Ted-McKenna-1-1024x682.jpg\" alt=\"\" data-id=\"1173\" data-full-url=\"https:\/\/adler-kultur.de\/wp-content\/uploads\/2021\/01\/Ted-McKenna-1.jpg\" data-link=\"https:\/\/adler-kultur.de\/index.php\/kulturinitiative-schwarzer-adler-e-v\/ted-mckenna-1\/\" class=\"wp-image-1173\" srcset=\"https:\/\/adler-kultur.de\/wp-content\/uploads\/2021\/01\/Ted-McKenna-1-1024x682.jpg 1024w, https:\/\/adler-kultur.de\/wp-content\/uploads\/2021\/01\/Ted-McKenna-1-300x200.jpg 300w, https:\/\/adler-kultur.de\/wp-content\/uploads\/2021\/01\/Ted-McKenna-1-768x512.jpg 768w, https:\/\/adler-kultur.de\/wp-content\/uploads\/2021\/01\/Ted-McKenna-1-391x260.jpg 391w, https:\/\/adler-kultur.de\/wp-content\/uploads\/2021\/01\/Ted-McKenna-1-1536x1023.jpg 1536w, https:\/\/adler-kultur.de\/wp-content\/uploads\/2021\/01\/Ted-McKenna-1.jpg 1900w\" sizes=\"auto, (max-width: 1024px) 100vw, 1024px\" \/><\/a><figcaption class=\"blocks-gallery-item__caption\">Ted McKenna<\/figcaption><\/figure><\/li><li class=\"blocks-gallery-item\"><figure><a href=\"https:\/\/adler-kultur.de\/wp-content\/uploads\/2021\/01\/Guru-Guru-Mani-Neumayer-Elektrolurch-1.jpg\"><img loading=\"lazy\" decoding=\"async\" width=\"1024\" height=\"682\" src=\"https:\/\/adler-kultur.de\/wp-content\/uploads\/2021\/01\/Guru-Guru-Mani-Neumayer-Elektrolurch-1-1024x682.jpg\" alt=\"\" data-id=\"1163\" data-full-url=\"https:\/\/adler-kultur.de\/wp-content\/uploads\/2021\/01\/Guru-Guru-Mani-Neumayer-Elektrolurch-1.jpg\" data-link=\"https:\/\/adler-kultur.de\/index.php\/kulturinitiative-schwarzer-adler-e-v\/guru-guru-mani-neumayer-elektrolurch-1\/\" class=\"wp-image-1163\" srcset=\"https:\/\/adler-kultur.de\/wp-content\/uploads\/2021\/01\/Guru-Guru-Mani-Neumayer-Elektrolurch-1-1024x682.jpg 1024w, https:\/\/adler-kultur.de\/wp-content\/uploads\/2021\/01\/Guru-Guru-Mani-Neumayer-Elektrolurch-1-300x200.jpg 300w, https:\/\/adler-kultur.de\/wp-content\/uploads\/2021\/01\/Guru-Guru-Mani-Neumayer-Elektrolurch-1-768x512.jpg 768w, https:\/\/adler-kultur.de\/wp-content\/uploads\/2021\/01\/Guru-Guru-Mani-Neumayer-Elektrolurch-1-391x260.jpg 391w, https:\/\/adler-kultur.de\/wp-content\/uploads\/2021\/01\/Guru-Guru-Mani-Neumayer-Elektrolurch-1-1536x1023.jpg 1536w, https:\/\/adler-kultur.de\/wp-content\/uploads\/2021\/01\/Guru-Guru-Mani-Neumayer-Elektrolurch-1.jpg 1900w\" sizes=\"auto, (max-width: 1024px) 100vw, 1024px\" \/><\/a><figcaption class=\"blocks-gallery-item__caption\">Guru Guru Mani Neumayer<\/figcaption><\/figure><\/li><\/ul><\/figure>\n\n\n\n<p>Die Bilder sind von Otto W. &#8211; der schon seit Jahren <a href=\"https:\/\/www.facebook.com\/otto.woyczieniuk\">tolle Fotos<\/a> von den Events im Adler macht.<\/p>\n","protected":false},"excerpt":{"rendered":"<p>\u00dcber 30 Jahre Vereinsgeschichte. \u00dcber 3.000 Veranstaltungen. \u00dcber 300.000 Besucher. Unendlich viele sch\u00f6ne Momente. Ob Mitch Ryder, Helge Schneider, J\u00fcrgen Becker oder Pohlmann \u2013&nbsp;seit den 90er zieht die Kulturinitiative Schwarzer-Adler<\/p>\n<p class=\"more-link\"><a href=\"https:\/\/adler-kultur.de\/index.php\/kulturinitiative-schwarzer-adler-e-v\/\" class=\"readmore\">weiter lesen&#8230;<span class=\"screen-reader-text\">\u00dcber uns<\/span><\/a><\/p>\n","protected":false},"author":1,"featured_media":34,"parent":0,"menu_order":0,"comment_status":"closed","ping_status":"closed","template":"","meta":{"footnotes":""},"class_list":["post-1096","page","type-page","status-publish","has-post-thumbnail","hentry"],"yoast_head":"<!-- This site is optimized with the Yoast SEO plugin v24.8.1 - https:\/\/yoast.com\/wordpress\/plugins\/seo\/ -->\n<title>\u00dcber uns -<\/title>\n<meta name=\"robots\" content=\"index, follow, max-snippet:-1, max-image-preview:large, max-video-preview:-1\" \/>\n<link rel=\"canonical\" href=\"https:\/\/adler-kultur.de\/index.php\/kulturinitiative-schwarzer-adler-e-v\/\" \/>\n<meta property=\"og:locale\" content=\"de_DE\" \/>\n<meta property=\"og:type\" content=\"article\" \/>\n<meta property=\"og:title\" content=\"\u00dcber uns -\" \/>\n<meta property=\"og:description\" content=\"\u00dcber 30 Jahre Vereinsgeschichte. \u00dcber 3.000 Veranstaltungen. \u00dcber 300.000 Besucher. Unendlich viele sch\u00f6ne Momente. Ob Mitch Ryder, Helge Schneider, J\u00fcrgen Becker oder Pohlmann \u2013&nbsp;seit den 90er zieht die Kulturinitiative Schwarzer-Adlerweiter lesen...\u00dcber uns\" \/>\n<meta property=\"og:url\" content=\"https:\/\/adler-kultur.de\/index.php\/kulturinitiative-schwarzer-adler-e-v\/\" \/>\n<meta property=\"article:modified_time\" content=\"2021-04-08T14:25:54+00:00\" \/>\n<meta property=\"og:image\" content=\"https:\/\/adler-kultur.de\/wp-content\/uploads\/2020\/01\/1_adler-schoen-72dpi.jpg\" \/>\n\t<meta property=\"og:image:width\" content=\"1024\" \/>\n\t<meta property=\"og:image:height\" content=\"582\" \/>\n\t<meta property=\"og:image:type\" content=\"image\/jpeg\" \/>\n<meta name=\"twitter:card\" content=\"summary_large_image\" \/>\n<meta name=\"twitter:label1\" content=\"Gesch\u00e4tzte Lesezeit\" \/>\n\t<meta name=\"twitter:data1\" content=\"4\u00a0Minuten\" \/>\n<script type=\"application\/ld+json\" class=\"yoast-schema-graph\">{\"@context\":\"https:\/\/schema.org\",\"@graph\":[{\"@type\":\"WebPage\",\"@id\":\"https:\/\/adler-kultur.de\/index.php\/kulturinitiative-schwarzer-adler-e-v\/\",\"url\":\"https:\/\/adler-kultur.de\/index.php\/kulturinitiative-schwarzer-adler-e-v\/\",\"name\":\"\u00dcber uns -\",\"isPartOf\":{\"@id\":\"https:\/\/adler-kultur.de\/#website\"},\"primaryImageOfPage\":{\"@id\":\"https:\/\/adler-kultur.de\/index.php\/kulturinitiative-schwarzer-adler-e-v\/#primaryimage\"},\"image\":{\"@id\":\"https:\/\/adler-kultur.de\/index.php\/kulturinitiative-schwarzer-adler-e-v\/#primaryimage\"},\"thumbnailUrl\":\"https:\/\/adler-kultur.de\/wp-content\/uploads\/2020\/01\/1_adler-schoen-72dpi.jpg\",\"datePublished\":\"2021-01-27T16:42:07+00:00\",\"dateModified\":\"2021-04-08T14:25:54+00:00\",\"breadcrumb\":{\"@id\":\"https:\/\/adler-kultur.de\/index.php\/kulturinitiative-schwarzer-adler-e-v\/#breadcrumb\"},\"inLanguage\":\"de\",\"potentialAction\":[{\"@type\":\"ReadAction\",\"target\":[\"https:\/\/adler-kultur.de\/index.php\/kulturinitiative-schwarzer-adler-e-v\/\"]}]},{\"@type\":\"ImageObject\",\"inLanguage\":\"de\",\"@id\":\"https:\/\/adler-kultur.de\/index.php\/kulturinitiative-schwarzer-adler-e-v\/#primaryimage\",\"url\":\"https:\/\/adler-kultur.de\/wp-content\/uploads\/2020\/01\/1_adler-schoen-72dpi.jpg\",\"contentUrl\":\"https:\/\/adler-kultur.de\/wp-content\/uploads\/2020\/01\/1_adler-schoen-72dpi.jpg\",\"width\":1024,\"height\":582,\"caption\":\"Der Schwarze Adler\"},{\"@type\":\"BreadcrumbList\",\"@id\":\"https:\/\/adler-kultur.de\/index.php\/kulturinitiative-schwarzer-adler-e-v\/#breadcrumb\",\"itemListElement\":[{\"@type\":\"ListItem\",\"position\":1,\"name\":\"Home\",\"item\":\"https:\/\/adler-kultur.de\/\"},{\"@type\":\"ListItem\",\"position\":2,\"name\":\"\u00dcber uns\"}]},{\"@type\":\"WebSite\",\"@id\":\"https:\/\/adler-kultur.de\/#website\",\"url\":\"https:\/\/adler-kultur.de\/\",\"name\":\"\",\"description\":\"\",\"potentialAction\":[{\"@type\":\"SearchAction\",\"target\":{\"@type\":\"EntryPoint\",\"urlTemplate\":\"https:\/\/adler-kultur.de\/?s={search_term_string}\"},\"query-input\":{\"@type\":\"PropertyValueSpecification\",\"valueRequired\":true,\"valueName\":\"search_term_string\"}}],\"inLanguage\":\"de\"}]}<\/script>\n<!-- \/ Yoast SEO plugin. -->","yoast_head_json":{"title":"\u00dcber uns -","robots":{"index":"index","follow":"follow","max-snippet":"max-snippet:-1","max-image-preview":"max-image-preview:large","max-video-preview":"max-video-preview:-1"},"canonical":"https:\/\/adler-kultur.de\/index.php\/kulturinitiative-schwarzer-adler-e-v\/","og_locale":"de_DE","og_type":"article","og_title":"\u00dcber uns -","og_description":"\u00dcber 30 Jahre Vereinsgeschichte. \u00dcber 3.000 Veranstaltungen. \u00dcber 300.000 Besucher. Unendlich viele sch\u00f6ne Momente. Ob Mitch Ryder, Helge Schneider, J\u00fcrgen Becker oder Pohlmann \u2013&nbsp;seit den 90er zieht die Kulturinitiative Schwarzer-Adlerweiter lesen...\u00dcber uns","og_url":"https:\/\/adler-kultur.de\/index.php\/kulturinitiative-schwarzer-adler-e-v\/","article_modified_time":"2021-04-08T14:25:54+00:00","og_image":[{"width":1024,"height":582,"url":"https:\/\/adler-kultur.de\/wp-content\/uploads\/2020\/01\/1_adler-schoen-72dpi.jpg","type":"image\/jpeg"}],"twitter_card":"summary_large_image","twitter_misc":{"Gesch\u00e4tzte Lesezeit":"4\u00a0Minuten"},"schema":{"@context":"https:\/\/schema.org","@graph":[{"@type":"WebPage","@id":"https:\/\/adler-kultur.de\/index.php\/kulturinitiative-schwarzer-adler-e-v\/","url":"https:\/\/adler-kultur.de\/index.php\/kulturinitiative-schwarzer-adler-e-v\/","name":"\u00dcber uns -","isPartOf":{"@id":"https:\/\/adler-kultur.de\/#website"},"primaryImageOfPage":{"@id":"https:\/\/adler-kultur.de\/index.php\/kulturinitiative-schwarzer-adler-e-v\/#primaryimage"},"image":{"@id":"https:\/\/adler-kultur.de\/index.php\/kulturinitiative-schwarzer-adler-e-v\/#primaryimage"},"thumbnailUrl":"https:\/\/adler-kultur.de\/wp-content\/uploads\/2020\/01\/1_adler-schoen-72dpi.jpg","datePublished":"2021-01-27T16:42:07+00:00","dateModified":"2021-04-08T14:25:54+00:00","breadcrumb":{"@id":"https:\/\/adler-kultur.de\/index.php\/kulturinitiative-schwarzer-adler-e-v\/#breadcrumb"},"inLanguage":"de","potentialAction":[{"@type":"ReadAction","target":["https:\/\/adler-kultur.de\/index.php\/kulturinitiative-schwarzer-adler-e-v\/"]}]},{"@type":"ImageObject","inLanguage":"de","@id":"https:\/\/adler-kultur.de\/index.php\/kulturinitiative-schwarzer-adler-e-v\/#primaryimage","url":"https:\/\/adler-kultur.de\/wp-content\/uploads\/2020\/01\/1_adler-schoen-72dpi.jpg","contentUrl":"https:\/\/adler-kultur.de\/wp-content\/uploads\/2020\/01\/1_adler-schoen-72dpi.jpg","width":1024,"height":582,"caption":"Der Schwarze Adler"},{"@type":"BreadcrumbList","@id":"https:\/\/adler-kultur.de\/index.php\/kulturinitiative-schwarzer-adler-e-v\/#breadcrumb","itemListElement":[{"@type":"ListItem","position":1,"name":"Home","item":"https:\/\/adler-kultur.de\/"},{"@type":"ListItem","position":2,"name":"\u00dcber uns"}]},{"@type":"WebSite","@id":"https:\/\/adler-kultur.de\/#website","url":"https:\/\/adler-kultur.de\/","name":"","description":"","potentialAction":[{"@type":"SearchAction","target":{"@type":"EntryPoint","urlTemplate":"https:\/\/adler-kultur.de\/?s={search_term_string}"},"query-input":{"@type":"PropertyValueSpecification","valueRequired":true,"valueName":"search_term_string"}}],"inLanguage":"de"}]}},"jetpack_sharing_enabled":true,"_links":{"self":[{"href":"https:\/\/adler-kultur.de\/index.php\/wp-json\/wp\/v2\/pages\/1096","targetHints":{"allow":["GET"]}}],"collection":[{"href":"https:\/\/adler-kultur.de\/index.php\/wp-json\/wp\/v2\/pages"}],"about":[{"href":"https:\/\/adler-kultur.de\/index.php\/wp-json\/wp\/v2\/types\/page"}],"author":[{"embeddable":true,"href":"https:\/\/adler-kultur.de\/index.php\/wp-json\/wp\/v2\/users\/1"}],"replies":[{"embeddable":true,"href":"https:\/\/adler-kultur.de\/index.php\/wp-json\/wp\/v2\/comments?post=1096"}],"version-history":[{"count":19,"href":"https:\/\/adler-kultur.de\/index.php\/wp-json\/wp\/v2\/pages\/1096\/revisions"}],"predecessor-version":[{"id":1466,"href":"https:\/\/adler-kultur.de\/index.php\/wp-json\/wp\/v2\/pages\/1096\/revisions\/1466"}],"wp:featuredmedia":[{"embeddable":true,"href":"https:\/\/adler-kultur.de\/index.php\/wp-json\/wp\/v2\/media\/34"}],"wp:attachment":[{"href":"https:\/\/adler-kultur.de\/index.php\/wp-json\/wp\/v2\/media?parent=1096"}],"curies":[{"name":"wp","href":"https:\/\/api.w.org\/{rel}","templated":true}]}}